{"id":1678,"date":"2024-12-14T11:08:42","date_gmt":"2024-12-14T17:08:42","guid":{"rendered":"https:\/\/rulyindustrial.com\/wp\/producto\/torreta-luz-led-ambar-fdc5293900-12v\/"},"modified":"2025-01-31T10:07:50","modified_gmt":"2025-01-31T16:07:50","slug":"torreta-luz-led-ambar-fdc5293900-12v","status":"publish","type":"product","link":"https:\/\/rulyindustrial.com\/wp\/producto\/torreta-luz-led-ambar-fdc5293900-12v\/","title":{"rendered":"TORRETA LUZ LED AMBAR FDC5293900 12V"},"content":{"rendered":"","protected":false},"excerpt":{"rendered":"<p>Torreta Led \u00c1mbar Gr\u00faa, Ambulancia, Maquina ,Cami\u00f3n Tracto<\/p>\n","protected":false},"featured_media":2049,"template":"","meta":{"_uag_custom_page_level_css":"","site-sidebar-layout":"default","site-content-layout":"","ast-site-content-layout":"default","site-content-style":"default","site-sidebar-style":"default","ast-global-header-display":"","ast-banner-title-visibility":"","ast-main-header-display":"","ast-hfb-above-header-display":"","ast-hfb-below-header-display":"","ast-hfb-mobile-header-display":"","site-post-title":"","ast-breadcrumbs-content":"","ast-featured-img":"","footer-sml-layout":"","ast-disable-related-posts":"","theme-transparent-header-meta":"default","adv-header-id-meta":"","stick-header-meta":"","header-above-stick-meta":"","header-main-stick-meta":"","header-below-stick-meta":"","astra-migrate-meta-layouts":"set","ast-page-background-enabled":"default","ast-page-background-meta":{"desktop":{"background-color":"var(--ast-global-color-4)","background-image":"","background-repeat":"repeat","background-position":"center center","background-size":"auto","background-attachment":"scroll","background-type":"","background-media":"","overlay-type":"","overlay-color":"","overlay-opacity":"","overlay-gradient":""},"tablet":{"background-color":"","background-image":"","background-repeat":"repeat","background-position":"center center","background-size":"auto","background-attachment":"scroll","background-type":"","background-media":"","overlay-type":"","overlay-color":"","overlay-opacity":"","overlay-gradient":""},"mobile":{"background-color":"","background-image":"","background-repeat":"repeat","background-position":"center center","background-size":"auto","background-attachment":"scroll","background-type":"","background-media":"","overlay-type":"","overlay-color":"","overlay-opacity":"","overlay-gradient":""}},"ast-content-background-meta":{"desktop":{"background-color":"var(--ast-global-color-5)","background-image":"","background-repeat":"repeat","background-position":"center center","background-size":"auto","background-attachment":"scroll","background-type":"","background-media":"","overlay-type":"","overlay-color":"","overlay-opacity":"","overlay-gradient":""},"tablet":{"background-color":"var(--ast-global-color-5)","background-image":"","background-repeat":"repeat","background-position":"center center","background-size":"auto","background-attachment":"scroll","background-type":"","background-media":"","overlay-type":"","overlay-color":"","overlay-opacity":"","overlay-gradient":""},"mobile":{"background-color":"var(--ast-global-color-5)","background-image":"","background-repeat":"repeat","background-position":"center center","background-size":"auto","background-attachment":"scroll","background-type":"","background-media":"","overlay-type":"","overlay-color":"","overlay-opacity":"","overlay-gradient":""}}},"product_brand":[],"product_cat":[54],"product_tag":[],"class_list":{"0":"post-1678","1":"product","2":"type-product","3":"status-publish","4":"has-post-thumbnail","6":"product_cat-torretas-led","7":"desktop-align-left","8":"tablet-align-left","9":"mobile-align-left","11":"first","12":"instock","13":"taxable","14":"shipping-taxable","15":"purchasable","16":"product-type-simple"},"yoast_head":"<!-- This site is optimized with the Yoast SEO plugin v26.9 - https:\/\/yoast.com\/product\/yoast-seo-wordpress\/ -->\n<title>TORRETA LUZ LED AMBAR FDC5293900 12V - Ruly Industrial<\/title>\n<meta name=\"robots\" content=\"index, follow, max-snippet:-1, max-image-preview:large, max-video-preview:-1\" \/>\n<link rel=\"canonical\" href=\"https:\/\/rulyindustrial.com\/wp\/producto\/torreta-luz-led-ambar-fdc5293900-12v\/\" \/>\n<meta property=\"og:locale\" content=\"es_ES\" \/>\n<meta property=\"og:type\" content=\"article\" \/>\n<meta property=\"og:title\" content=\"TORRETA LUZ LED AMBAR FDC5293900 12V - Ruly Industrial\" \/>\n<meta property=\"og:description\" content=\"Torreta Led \u00c1mbar Gr\u00faa, Ambulancia, Maquina ,Cami\u00f3n Tracto\" \/>\n<meta property=\"og:url\" content=\"https:\/\/rulyindustrial.com\/wp\/producto\/torreta-luz-led-ambar-fdc5293900-12v\/\" \/>\n<meta property=\"og:site_name\" content=\"Ruly Industrial\" \/>\n<meta property=\"article:publisher\" content=\"https:\/\/www.facebook.com\/YumarRubioL\" \/>\n<meta property=\"article:modified_time\" content=\"2025-01-31T16:07:50+00:00\" \/>\n<meta property=\"og:image\" content=\"https:\/\/rulyindustrial.com\/wp\/wp-content\/uploads\/2024\/12\/torre.png\" \/>\n\t<meta property=\"og:image:width\" content=\"391\" \/>\n\t<meta property=\"og:image:height\" content=\"353\" \/>\n\t<meta property=\"og:image:type\" content=\"image\/png\" \/>\n<meta name=\"twitter:card\" content=\"summary_large_image\" \/>\n<meta name=\"twitter:label1\" content=\"Tiempo de lectura\" \/>\n\t<meta name=\"twitter:data1\" content=\"1 minuto\" \/>\n<script type=\"application\/ld+json\" class=\"yoast-schema-graph\">{\"@context\":\"https:\/\/schema.org\",\"@graph\":[{\"@type\":\"WebPage\",\"@id\":\"https:\/\/rulyindustrial.com\/wp\/producto\/torreta-luz-led-ambar-fdc5293900-12v\/\",\"url\":\"https:\/\/rulyindustrial.com\/wp\/producto\/torreta-luz-led-ambar-fdc5293900-12v\/\",\"name\":\"TORRETA LUZ LED AMBAR FDC5293900 12V - Ruly Industrial\",\"isPartOf\":{\"@id\":\"http:\/\/ruly-industrial.local\/#website\"},\"primaryImageOfPage\":{\"@id\":\"https:\/\/rulyindustrial.com\/wp\/producto\/torreta-luz-led-ambar-fdc5293900-12v\/#primaryimage\"},\"image\":{\"@id\":\"https:\/\/rulyindustrial.com\/wp\/producto\/torreta-luz-led-ambar-fdc5293900-12v\/#primaryimage\"},\"thumbnailUrl\":\"https:\/\/rulyindustrial.com\/wp\/wp-content\/uploads\/2024\/12\/torre.png\",\"datePublished\":\"2024-12-14T17:08:42+00:00\",\"dateModified\":\"2025-01-31T16:07:50+00:00\",\"breadcrumb\":{\"@id\":\"https:\/\/rulyindustrial.com\/wp\/producto\/torreta-luz-led-ambar-fdc5293900-12v\/#breadcrumb\"},\"inLanguage\":\"es\",\"potentialAction\":[{\"@type\":\"ReadAction\",\"target\":[\"https:\/\/rulyindustrial.com\/wp\/producto\/torreta-luz-led-ambar-fdc5293900-12v\/\"]}]},{\"@type\":\"ImageObject\",\"inLanguage\":\"es\",\"@id\":\"https:\/\/rulyindustrial.com\/wp\/producto\/torreta-luz-led-ambar-fdc5293900-12v\/#primaryimage\",\"url\":\"https:\/\/rulyindustrial.com\/wp\/wp-content\/uploads\/2024\/12\/torre.png\",\"contentUrl\":\"https:\/\/rulyindustrial.com\/wp\/wp-content\/uploads\/2024\/12\/torre.png\",\"width\":391,\"height\":353},{\"@type\":\"BreadcrumbList\",\"@id\":\"https:\/\/rulyindustrial.com\/wp\/producto\/torreta-luz-led-ambar-fdc5293900-12v\/#breadcrumb\",\"itemListElement\":[{\"@type\":\"ListItem\",\"position\":1,\"name\":\"Inicio\",\"item\":\"https:\/\/rulyindustrial.com\/wp\/\"},{\"@type\":\"ListItem\",\"position\":2,\"name\":\"Tienda\",\"item\":\"http:\/\/ruly-industrial.local\/tienda\/\"},{\"@type\":\"ListItem\",\"position\":3,\"name\":\"TORRETA LUZ LED AMBAR FDC5293900 12V\"}]},{\"@type\":\"WebSite\",\"@id\":\"http:\/\/ruly-industrial.local\/#website\",\"url\":\"http:\/\/ruly-industrial.local\/\",\"name\":\"RULY Industrial\",\"description\":\"\",\"publisher\":{\"@id\":\"http:\/\/ruly-industrial.local\/#organization\"},\"potentialAction\":[{\"@type\":\"SearchAction\",\"target\":{\"@type\":\"EntryPoint\",\"urlTemplate\":\"http:\/\/ruly-industrial.local\/?s={search_term_string}\"},\"query-input\":{\"@type\":\"PropertyValueSpecification\",\"valueRequired\":true,\"valueName\":\"search_term_string\"}}],\"inLanguage\":\"es\"},{\"@type\":\"Organization\",\"@id\":\"http:\/\/ruly-industrial.local\/#organization\",\"name\":\"RULY Industrial\",\"url\":\"http:\/\/ruly-industrial.local\/\",\"logo\":{\"@type\":\"ImageObject\",\"inLanguage\":\"es\",\"@id\":\"http:\/\/ruly-industrial.local\/#\/schema\/logo\/image\/\",\"url\":\"https:\/\/rulyindustrial.com\/wp\/wp-content\/uploads\/2024\/11\/zipwp-image-2730.png\",\"contentUrl\":\"https:\/\/rulyindustrial.com\/wp\/wp-content\/uploads\/2024\/11\/zipwp-image-2730.png\",\"width\":250,\"height\":250,\"caption\":\"RULY Industrial\"},\"image\":{\"@id\":\"http:\/\/ruly-industrial.local\/#\/schema\/logo\/image\/\"},\"sameAs\":[\"https:\/\/www.facebook.com\/YumarRubioL\"]}]}<\/script>\n<!-- \/ Yoast SEO plugin. -->","yoast_head_json":{"title":"TORRETA LUZ LED AMBAR FDC5293900 12V - Ruly Industrial","robots":{"index":"index","follow":"follow","max-snippet":"max-snippet:-1","max-image-preview":"max-image-preview:large","max-video-preview":"max-video-preview:-1"},"canonical":"https:\/\/rulyindustrial.com\/wp\/producto\/torreta-luz-led-ambar-fdc5293900-12v\/","og_locale":"es_ES","og_type":"article","og_title":"TORRETA LUZ LED AMBAR FDC5293900 12V - Ruly Industrial","og_description":"Torreta Led \u00c1mbar Gr\u00faa, Ambulancia, Maquina ,Cami\u00f3n Tracto","og_url":"https:\/\/rulyindustrial.com\/wp\/producto\/torreta-luz-led-ambar-fdc5293900-12v\/","og_site_name":"Ruly Industrial","article_publisher":"https:\/\/www.facebook.com\/YumarRubioL","article_modified_time":"2025-01-31T16:07:50+00:00","og_image":[{"width":391,"height":353,"url":"https:\/\/rulyindustrial.com\/wp\/wp-content\/uploads\/2024\/12\/torre.png","type":"image\/png"}],"twitter_card":"summary_large_image","twitter_misc":{"Tiempo de lectura":"1 minuto"},"schema":{"@context":"https:\/\/schema.org","@graph":[{"@type":"WebPage","@id":"https:\/\/rulyindustrial.com\/wp\/producto\/torreta-luz-led-ambar-fdc5293900-12v\/","url":"https:\/\/rulyindustrial.com\/wp\/producto\/torreta-luz-led-ambar-fdc5293900-12v\/","name":"TORRETA LUZ LED AMBAR FDC5293900 12V - Ruly Industrial","isPartOf":{"@id":"http:\/\/ruly-industrial.local\/#website"},"primaryImageOfPage":{"@id":"https:\/\/rulyindustrial.com\/wp\/producto\/torreta-luz-led-ambar-fdc5293900-12v\/#primaryimage"},"image":{"@id":"https:\/\/rulyindustrial.com\/wp\/producto\/torreta-luz-led-ambar-fdc5293900-12v\/#primaryimage"},"thumbnailUrl":"https:\/\/rulyindustrial.com\/wp\/wp-content\/uploads\/2024\/12\/torre.png","datePublished":"2024-12-14T17:08:42+00:00","dateModified":"2025-01-31T16:07:50+00:00","breadcrumb":{"@id":"https:\/\/rulyindustrial.com\/wp\/producto\/torreta-luz-led-ambar-fdc5293900-12v\/#breadcrumb"},"inLanguage":"es","potentialAction":[{"@type":"ReadAction","target":["https:\/\/rulyindustrial.com\/wp\/producto\/torreta-luz-led-ambar-fdc5293900-12v\/"]}]},{"@type":"ImageObject","inLanguage":"es","@id":"https:\/\/rulyindustrial.com\/wp\/producto\/torreta-luz-led-ambar-fdc5293900-12v\/#primaryimage","url":"https:\/\/rulyindustrial.com\/wp\/wp-content\/uploads\/2024\/12\/torre.png","contentUrl":"https:\/\/rulyindustrial.com\/wp\/wp-content\/uploads\/2024\/12\/torre.png","width":391,"height":353},{"@type":"BreadcrumbList","@id":"https:\/\/rulyindustrial.com\/wp\/producto\/torreta-luz-led-ambar-fdc5293900-12v\/#breadcrumb","itemListElement":[{"@type":"ListItem","position":1,"name":"Inicio","item":"https:\/\/rulyindustrial.com\/wp\/"},{"@type":"ListItem","position":2,"name":"Tienda","item":"http:\/\/ruly-industrial.local\/tienda\/"},{"@type":"ListItem","position":3,"name":"TORRETA LUZ LED AMBAR FDC5293900 12V"}]},{"@type":"WebSite","@id":"http:\/\/ruly-industrial.local\/#website","url":"http:\/\/ruly-industrial.local\/","name":"RULY Industrial","description":"","publisher":{"@id":"http:\/\/ruly-industrial.local\/#organization"},"potentialAction":[{"@type":"SearchAction","target":{"@type":"EntryPoint","urlTemplate":"http:\/\/ruly-industrial.local\/?s={search_term_string}"},"query-input":{"@type":"PropertyValueSpecification","valueRequired":true,"valueName":"search_term_string"}}],"inLanguage":"es"},{"@type":"Organization","@id":"http:\/\/ruly-industrial.local\/#organization","name":"RULY Industrial","url":"http:\/\/ruly-industrial.local\/","logo":{"@type":"ImageObject","inLanguage":"es","@id":"http:\/\/ruly-industrial.local\/#\/schema\/logo\/image\/","url":"https:\/\/rulyindustrial.com\/wp\/wp-content\/uploads\/2024\/11\/zipwp-image-2730.png","contentUrl":"https:\/\/rulyindustrial.com\/wp\/wp-content\/uploads\/2024\/11\/zipwp-image-2730.png","width":250,"height":250,"caption":"RULY Industrial"},"image":{"@id":"http:\/\/ruly-industrial.local\/#\/schema\/logo\/image\/"},"sameAs":["https:\/\/www.facebook.com\/YumarRubioL"]}]}},"uagb_featured_image_src":{"full":["https:\/\/rulyindustrial.com\/wp\/wp-content\/uploads\/2024\/12\/torre.png",391,353,false],"thumbnail":["https:\/\/rulyindustrial.com\/wp\/wp-content\/uploads\/2024\/12\/torre-150x150.png",150,150,true],"medium":["https:\/\/rulyindustrial.com\/wp\/wp-content\/uploads\/2024\/12\/torre-300x271.png",300,271,true],"medium_large":["https:\/\/rulyindustrial.com\/wp\/wp-content\/uploads\/2024\/12\/torre.png",391,353,false],"large":["https:\/\/rulyindustrial.com\/wp\/wp-content\/uploads\/2024\/12\/torre.png",391,353,false],"1536x1536":["https:\/\/rulyindustrial.com\/wp\/wp-content\/uploads\/2024\/12\/torre.png",391,353,false],"2048x2048":["https:\/\/rulyindustrial.com\/wp\/wp-content\/uploads\/2024\/12\/torre.png",391,353,false],"woocommerce_thumbnail":["https:\/\/rulyindustrial.com\/wp\/wp-content\/uploads\/2024\/12\/torre-300x300.png",300,300,true],"woocommerce_single":["https:\/\/rulyindustrial.com\/wp\/wp-content\/uploads\/2024\/12\/torre.png",391,353,false],"woocommerce_gallery_thumbnail":["https:\/\/rulyindustrial.com\/wp\/wp-content\/uploads\/2024\/12\/torre-100x100.png",100,100,true],"dgwt-wcas-product-suggestion":["https:\/\/rulyindustrial.com\/wp\/wp-content\/uploads\/2024\/12\/torre-64x58.png",64,58,true]},"uagb_author_info":{"display_name":"administrador","author_link":"https:\/\/rulyindustrial.com\/wp\/author\/"},"uagb_comment_info":0,"uagb_excerpt":"Torreta Led \u00c1mbar Gr\u00faa, Ambulancia, Maquina ,Cami\u00f3n Tracto","_links":{"self":[{"href":"https:\/\/rulyindustrial.com\/wp\/wp-json\/wp\/v2\/product\/1678","targetHints":{"allow":["GET"]}}],"collection":[{"href":"https:\/\/rulyindustrial.com\/wp\/wp-json\/wp\/v2\/product"}],"about":[{"href":"https:\/\/rulyindustrial.com\/wp\/wp-json\/wp\/v2\/types\/product"}],"wp:featuredmedia":[{"embeddable":true,"href":"https:\/\/rulyindustrial.com\/wp\/wp-json\/wp\/v2\/media\/2049"}],"wp:attachment":[{"href":"https:\/\/rulyindustrial.com\/wp\/wp-json\/wp\/v2\/media?parent=1678"}],"wp:term":[{"taxonomy":"product_brand","embeddable":true,"href":"https:\/\/rulyindustrial.com\/wp\/wp-json\/wp\/v2\/product_brand?post=1678"},{"taxonomy":"product_cat","embeddable":true,"href":"https:\/\/rulyindustrial.com\/wp\/wp-json\/wp\/v2\/product_cat?post=1678"},{"taxonomy":"product_tag","embeddable":true,"href":"https:\/\/rulyindustrial.com\/wp\/wp-json\/wp\/v2\/product_tag?post=1678"}],"curies":[{"name":"wp","href":"https:\/\/api.w.org\/{rel}","templated":true}]}}